{"id":3334,"date":"2021-11-05T10:32:57","date_gmt":"2021-11-05T09:32:57","guid":{"rendered":"https:\/\/danieldebre.sk\/?page_id=3334"},"modified":"2022-04-09T23:04:44","modified_gmt":"2022-04-09T21:04:44","slug":"moj-pribeh","status":"publish","type":"page","link":"https:\/\/danieldebre.sk\/?page_id=3334","title":{"rendered":"\u0160tandardy"},"content":{"rendered":"","protected":true},"excerpt":{"rendered":"","protected":true},"author":1,"featured_media":0,"parent":0,"menu_order":0,"comment_status":"closed","ping_status":"closed","template":"","meta":{"ngg_post_thumbnail":0,"footnotes":""},"class_list":["post-3334","page","type-page","status-publish","post-password-required","hentry"],"yoast_head":"<!-- This site is optimized with the Yoast SEO Premium plugin v27.3 (Yoast SEO v27.3) - https:\/\/yoast.com\/product\/yoast-seo-premium-wordpress\/ -->\n<title>Daniel Debre | Autorizovan\u00fd architekt | Bratislava | Poprad | Ke\u017emarok<\/title>\n<meta name=\"description\" content=\"Autorizovan\u00fd architekt zap\u00edsan\u00fd v Slovenskej komore architektov pod registra\u010dn\u00fdm \u010d\u00edslom 2626 AA. Miesto p\u00f4sobenia - Bratislava a Ke\u017emarok.\" \/>\n<meta name=\"robots\" content=\"noindex, nofollow\" \/>\n<meta property=\"og:locale\" content=\"sk_SK\" \/>\n<meta property=\"og:type\" content=\"article\" \/>\n<meta property=\"og:title\" content=\"\u0160tandardy\" \/>\n<meta property=\"og:description\" content=\"Autorizovan\u00fd architekt zap\u00edsan\u00fd v Slovenskej komore architektov pod registra\u010dn\u00fdm \u010d\u00edslom 2626 AA. Miesto p\u00f4sobenia - Bratislava a Ke\u017emarok.\" \/>\n<meta property=\"og:url\" content=\"https:\/\/danieldebre.sk\/?page_id=3334\" \/>\n<meta property=\"og:site_name\" content=\"Daniel Debre | Autorizovan\u00fd architekt | Bratislava | Poprad | Ke\u017emarok\" \/>\n<meta property=\"article:modified_time\" content=\"2022-04-09T21:04:44+00:00\" \/>\n<meta name=\"twitter:card\" content=\"summary_large_image\" \/>\n<meta name=\"twitter:label1\" content=\"Predpokladan\u00fd \u010das \u010d\u00edtania\" \/>\n\t<meta name=\"twitter:data1\" content=\"5 min\u00fat\" \/>\n<script type=\"application\/ld+json\" class=\"yoast-schema-graph\">{\"@context\":\"https:\\\/\\\/schema.org\",\"@graph\":[{\"@type\":\"WebPage\",\"@id\":\"https:\\\/\\\/danieldebre.sk\\\/?page_id=3334\",\"url\":\"https:\\\/\\\/danieldebre.sk\\\/?page_id=3334\",\"name\":\"Daniel Debre | Autorizovan\u00fd architekt | Bratislava | Poprad | Ke\u017emarok\",\"isPartOf\":{\"@id\":\"https:\\\/\\\/danieldebre.sk\\\/#website\"},\"datePublished\":\"2021-11-05T09:32:57+00:00\",\"dateModified\":\"2022-04-09T21:04:44+00:00\",\"breadcrumb\":{\"@id\":\"https:\\\/\\\/danieldebre.sk\\\/?page_id=3334#breadcrumb\"},\"inLanguage\":\"sk-SK\"},{\"@type\":\"WebSite\",\"@id\":\"https:\\\/\\\/danieldebre.sk\\\/#website\",\"url\":\"https:\\\/\\\/danieldebre.sk\\\/\",\"name\":\"Daniel Debre | Autorizovan\u00fd architekt | Bratislava | Poprad | Ke\u017emarok\",\"description\":\"Autorizovan\u00fd architekt | Bratislava | Poprad | Ke\u017emarok\",\"publisher\":{\"@id\":\"https:\\\/\\\/danieldebre.sk\\\/#\\\/schema\\\/person\\\/16de87c858ebc35299ef08825f315e40\"},\"alternateName\":\"Daniel Debre | Authorized Architect | Slovakia\",\"potentialAction\":[{\"@type\":\"SearchAction\",\"target\":{\"@type\":\"EntryPoint\",\"urlTemplate\":\"https:\\\/\\\/danieldebre.sk\\\/?s={search_term_string}\"},\"query-input\":{\"@type\":\"PropertyValueSpecification\",\"valueRequired\":true,\"valueName\":\"search_term_string\"}}],\"inLanguage\":\"sk-SK\"}]}<\/script>\n<!-- \/ Yoast SEO Premium plugin. -->","yoast_head_json":{"title":"Daniel Debre | Autorizovan\u00fd architekt | Bratislava | Poprad | Ke\u017emarok","description":"Autorizovan\u00fd architekt zap\u00edsan\u00fd v Slovenskej komore architektov pod registra\u010dn\u00fdm \u010d\u00edslom 2626 AA. Miesto p\u00f4sobenia - Bratislava a Ke\u017emarok.","robots":{"index":"noindex","follow":"nofollow"},"og_locale":"sk_SK","og_type":"article","og_title":"\u0160tandardy","og_description":"Autorizovan\u00fd architekt zap\u00edsan\u00fd v Slovenskej komore architektov pod registra\u010dn\u00fdm \u010d\u00edslom 2626 AA. Miesto p\u00f4sobenia - Bratislava a Ke\u017emarok.","og_url":"https:\/\/danieldebre.sk\/?page_id=3334","og_site_name":"Daniel Debre | Autorizovan\u00fd architekt | Bratislava | Poprad | Ke\u017emarok","article_modified_time":"2022-04-09T21:04:44+00:00","twitter_card":"summary_large_image","twitter_misc":{"Predpokladan\u00fd \u010das \u010d\u00edtania":"5 min\u00fat"},"schema":{"@context":"https:\/\/schema.org","@graph":[{"@type":"WebPage","@id":"https:\/\/danieldebre.sk\/?page_id=3334","url":"https:\/\/danieldebre.sk\/?page_id=3334","name":"Daniel Debre | Autorizovan\u00fd architekt | Bratislava | Poprad | Ke\u017emarok","isPartOf":{"@id":"https:\/\/danieldebre.sk\/#website"},"datePublished":"2021-11-05T09:32:57+00:00","dateModified":"2022-04-09T21:04:44+00:00","breadcrumb":{"@id":"https:\/\/danieldebre.sk\/?page_id=3334#breadcrumb"},"inLanguage":"sk-SK"},{"@type":"WebSite","@id":"https:\/\/danieldebre.sk\/#website","url":"https:\/\/danieldebre.sk\/","name":"Daniel Debre | Autorizovan\u00fd architekt | Bratislava | Poprad | Ke\u017emarok","description":"Autorizovan\u00fd architekt | Bratislava | Poprad | Ke\u017emarok","publisher":{"@id":"https:\/\/danieldebre.sk\/#\/schema\/person\/16de87c858ebc35299ef08825f315e40"},"alternateName":"Daniel Debre | Authorized Architect | Slovakia","potentialAction":[{"@type":"SearchAction","target":{"@type":"EntryPoint","urlTemplate":"https:\/\/danieldebre.sk\/?s={search_term_string}"},"query-input":{"@type":"PropertyValueSpecification","valueRequired":true,"valueName":"search_term_string"}}],"inLanguage":"sk-SK"}]}},"_links":{"self":[{"href":"https:\/\/danieldebre.sk\/index.php?rest_route=\/wp\/v2\/pages\/3334","targetHints":{"allow":["GET"]}}],"collection":[{"href":"https:\/\/danieldebre.sk\/index.php?rest_route=\/wp\/v2\/pages"}],"about":[{"href":"https:\/\/danieldebre.sk\/index.php?rest_route=\/wp\/v2\/types\/page"}],"author":[{"embeddable":true,"href":"https:\/\/danieldebre.sk\/index.php?rest_route=\/wp\/v2\/users\/1"}],"replies":[{"embeddable":true,"href":"https:\/\/danieldebre.sk\/index.php?rest_route=%2Fwp%2Fv2%2Fcomments&post=3334"}],"version-history":[{"count":0,"href":"https:\/\/danieldebre.sk\/index.php?rest_route=\/wp\/v2\/pages\/3334\/revisions"}],"wp:attachment":[{"href":"https:\/\/danieldebre.sk\/index.php?rest_route=%2Fwp%2Fv2%2Fmedia&parent=3334"}],"curies":[{"name":"wp","href":"https:\/\/api.w.org\/{rel}","templated":true}]}}