{"id":2850,"date":"2021-10-03T14:27:53","date_gmt":"2021-10-03T12:27:53","guid":{"rendered":"https:\/\/danieldebre.sk\/?page_id=2850"},"modified":"2022-04-09T23:02:12","modified_gmt":"2022-04-09T21:02:12","slug":"eticky-kodex","status":"publish","type":"page","link":"https:\/\/danieldebre.sk\/?page_id=2850","title":{"rendered":"Etick\u00fd k\u00f3dex"},"content":{"rendered":"<div class=\"fusion-fullwidth fullwidth-box fusion-builder-row-1 fusion-flex-container nonhundred-percent-fullwidth non-hundred-percent-height-scrolling\" style=\"--awb-border-sizes-top:0px;--awb-border-sizes-bottom:0px;--awb-border-sizes-left:0px;--awb-border-sizes-right:0px;--awb-border-radius-top-left:0px;--awb-border-radius-top-right:0px;--awb-border-radius-bottom-right:0px;--awb-border-radius-bottom-left:0px;--awb-padding-top:0px;--awb-padding-right:0px;--awb-padding-bottom:0px;--awb-padding-left:0px;--awb-padding-top-medium:0px;--awb-padding-right-medium:0px;--awb-padding-bottom-medium:0px;--awb-padding-left-medium:0px;--awb-padding-top-small:0px;--awb-padding-right-small:0px;--awb-padding-bottom-small:0px;--awb-padding-left-small:0px;--awb-margin-top:0px;--awb-margin-bottom:0px;--awb-margin-top-medium:0px;--awb-margin-bottom-medium:0px;--awb-margin-top-small:0px;--awb-margin-bottom-small:0px;--awb-flex-wrap:wrap;\" ><div class=\"fusion-builder-row fusion-row fusion-flex-align-items-flex-start fusion-flex-content-wrap\" style=\"max-width:1331.2px;margin-left: calc(-4% \/ 2 );margin-right: calc(-4% \/ 2 );\"><div class=\"fusion-layout-column fusion_builder_column fusion-builder-column-0 fusion_builder_column_1_1 1_1 fusion-flex-column\" style=\"--awb-padding-right:3%;--awb-padding-left:3%;--awb-padding-top-medium:0px;--awb-padding-right-medium:3%;--awb-padding-bottom-medium:0px;--awb-padding-left-medium:3%;--awb-padding-top-small:0px;--awb-padding-right-small:3%;--awb-padding-bottom-small:0px;--awb-padding-left-small:3%;--awb-bg-size:cover;--awb-width-large:100%;--awb-margin-top-large:10px;--awb-spacing-right-large:0px;--awb-margin-bottom-large:0px;--awb-spacing-left-large:0px;--awb-width-medium:100%;--awb-order-medium:0;--awb-margin-top-medium:0px;--awb-spacing-right-medium:0px;--awb-margin-bottom-medium:0px;--awb-spacing-left-medium:0px;--awb-width-small:100%;--awb-order-small:0;--awb-margin-top-small:0px;--awb-spacing-right-small:0px;--awb-margin-bottom-small:0px;--awb-spacing-left-small:0px;\"><div class=\"fusion-column-wrapper fusion-column-has-shadow fusion-flex-justify-content-flex-start fusion-content-layout-column\"><div class=\"fusion-text fusion-text-1 fusion-text-no-margin\" style=\"--awb-margin-top:0px;--awb-margin-right:0px;--awb-margin-bottom:0px;--awb-margin-left:0px;\"><h3>Etick\u00fd k\u00f3dex<\/h3>\n<\/div><div class=\"fusion-separator fusion-full-width-sep\" style=\"align-self: center;margin-left: auto;margin-right: auto;margin-top:5px;margin-bottom:20px;width:100%;max-width:100%;\"><div class=\"fusion-separator-border sep-single sep-solid\" style=\"--awb-height:20px;--awb-amount:20px;border-color:#e7e4e2;border-top-width:1px;\"><\/div><\/div><\/div><\/div><div class=\"fusion-layout-column fusion_builder_column fusion-builder-column-1 fusion_builder_column_1_1 1_1 fusion-flex-column\" style=\"--awb-padding-right:3%;--awb-padding-left:3%;--awb-padding-top-medium:0px;--awb-padding-right-medium:3%;--awb-padding-bottom-medium:0px;--awb-padding-left-medium:3%;--awb-padding-top-small:0px;--awb-padding-right-small:3%;--awb-padding-bottom-small:0px;--awb-padding-left-small:3%;--awb-bg-size:cover;--awb-width-large:100%;--awb-margin-top-large:10px;--awb-spacing-right-large:0px;--awb-margin-bottom-large:0px;--awb-spacing-left-large:0px;--awb-width-medium:100%;--awb-order-medium:0;--awb-margin-top-medium:0px;--awb-spacing-right-medium:0px;--awb-margin-bottom-medium:0px;--awb-spacing-left-medium:0px;--awb-width-small:100%;--awb-order-small:0;--awb-margin-top-small:0px;--awb-spacing-right-small:0px;--awb-margin-bottom-small:0px;--awb-spacing-left-small:0px;\"><div class=\"fusion-column-wrapper fusion-column-has-shadow fusion-flex-justify-content-flex-start fusion-content-layout-column\"><div class=\"fusion-text fusion-text-2\"><h5 style=\"text-align: left;\"><span style=\"color: #333333;\">My v spolo\u010dnosti ikoona a Quiino sme pripraven\u00ed riadi\u0165 sa hodnotami a z\u00e1sadami, ktor\u00e9 na\u0161a zna\u010dka reprezentuje. To znamen\u00e1, \u017ee v\u0161etko \u010do rob\u00edme, rob\u00edme \u010destne, zodpovedne, dynamicky a priate\u013esky. Pri pr\u00e1ci dodr\u017eiavame na\u0161e hlavn\u00e9 z\u00e1sady podnikania. Neprip\u00fa\u0161\u0165ame spr\u00e1vanie, ktor\u00e9 by mohlo ohrozi\u0165 na\u0161u integritu a poves\u0165, \u0161kodi\u0165 n\u00e1\u0161mu hospod\u00e1rskemu rastu a negat\u00edvne p\u00f4sobi\u0165 na spolo\u010densk\u00e9 prostredie, v ktorom p\u00f4sob\u00edme.<\/span><\/h5>\n<\/div><div class=\"fusion-separator fusion-full-width-sep\" style=\"align-self: center;margin-left: auto;margin-right: auto;margin-top:10px;margin-bottom:10px;width:100%;max-width:100%;\"><\/div><\/div><\/div><div class=\"fusion-layout-column fusion_builder_column fusion-builder-column-2 fusion_builder_column_1_1 1_1 fusion-flex-column\" style=\"--awb-padding-right:3%;--awb-padding-left:3%;--awb-padding-top-medium:0px;--awb-padding-right-medium:3%;--awb-padding-bottom-medium:0px;--awb-padding-left-medium:3%;--awb-padding-top-small:0px;--awb-padding-right-small:3%;--awb-padding-bottom-small:0px;--awb-padding-left-small:3%;--awb-bg-size:cover;--awb-width-large:100%;--awb-margin-top-large:10px;--awb-spacing-right-large:0px;--awb-margin-bottom-large:0px;--awb-spacing-left-large:0px;--awb-width-medium:100%;--awb-order-medium:0;--awb-margin-top-medium:0px;--awb-spacing-right-medium:0px;--awb-margin-bottom-medium:0px;--awb-spacing-left-medium:0px;--awb-width-small:100%;--awb-order-small:0;--awb-margin-top-small:0px;--awb-spacing-right-small:0px;--awb-margin-bottom-small:0px;--awb-spacing-left-small:0px;\"><div class=\"fusion-column-wrapper fusion-column-has-shadow fusion-flex-justify-content-flex-start fusion-content-layout-column\"><ul style=\"--awb-line-height:23.8px;--awb-icon-width:23.8px;--awb-icon-height:23.8px;--awb-icon-margin:9.8px;--awb-content-margin:33.6px;\" class=\"fusion-checklist fusion-checklist-1 fusion-checklist-default type-icons\"><li class=\"fusion-li-item\" style=\"\"><span class=\"icon-wrapper circle-no\"><i class=\"fusion-li-icon fa-arrow-right fas\" aria-hidden=\"true\"><\/i><\/span><div class=\"fusion-li-item-content\">\n<h5 style=\"text-align: left;\">Komunik\u00e1cia, spolupr\u00e1ca, hodnoty a kreativita<\/h5>\n<\/div><\/li><li class=\"fusion-li-item\" style=\"\"><span class=\"icon-wrapper circle-no\"><i class=\"fusion-li-icon fa-arrow-right fas\" aria-hidden=\"true\"><\/i><\/span><div class=\"fusion-li-item-content\">\n<h5 style=\"text-align: left;\">Zodpovednos\u0165, re\u0161pekt, d\u00f4vera a t\u00edmov\u00e1 pr\u00e1ca<\/h5>\n<\/div><\/li><li class=\"fusion-li-item\" style=\"\"><span class=\"icon-wrapper circle-no\"><i class=\"fusion-li-icon fa-arrow-right fas\" aria-hidden=\"true\"><\/i><\/span><div class=\"fusion-li-item-content\">\n<h5 style=\"text-align: left;\">Ochrana dobr\u00e9ho mena a majetku z\u00e1kazn\u00edkov<\/h5>\n<\/div><\/li><li class=\"fusion-li-item\" style=\"\"><span class=\"icon-wrapper circle-no\"><i class=\"fusion-li-icon fa-arrow-right fas\" aria-hidden=\"true\"><\/i><\/span><div class=\"fusion-li-item-content\">\n<h5 style=\"text-align: left;\">Ochrana zdravia a \u017eivotn\u00e9ho prostredia<\/h5>\n<\/div><\/li><li class=\"fusion-li-item\" style=\"\"><span class=\"icon-wrapper circle-no\"><i class=\"fusion-li-icon fa-arrow-right fas\" aria-hidden=\"true\"><\/i><\/span><div class=\"fusion-li-item-content\">\n<h5 style=\"text-align: left;\">Ochrana hospod\u00e1rskej s\u00fa\u0165a\u017ee<\/h5>\n<\/div><\/li><li class=\"fusion-li-item\" style=\"\"><span class=\"icon-wrapper circle-no\"><i class=\"fusion-li-icon fa-arrow-right fas\" aria-hidden=\"true\"><\/i><\/span><div class=\"fusion-li-item-content\">\n<h5 style=\"text-align: left;\">Ochrana d\u00f4vern\u00fdch inform\u00e1ci\u00ed<\/h5>\n<\/div><\/li><li class=\"fusion-li-item\" style=\"\"><span class=\"icon-wrapper circle-no\"><i class=\"fusion-li-icon fa-arrow-right fas\" aria-hidden=\"true\"><\/i><\/span><div class=\"fusion-li-item-content\">\n<h5 style=\"text-align: left;\">Vyh\u00fdbanie sa konfliktom z\u00e1ujmu<\/h5>\n<\/div><\/li><li class=\"fusion-li-item\" style=\"\"><span class=\"icon-wrapper circle-no\"><i class=\"fusion-li-icon fa-arrow-right fas\" aria-hidden=\"true\"><\/i><\/span><div class=\"fusion-li-item-content\">\n<h5 style=\"text-align: left;\">Dodr\u017eiavanie dohodnut\u00fdch pravidiel a z\u00e1konov<\/h5>\n<\/div><\/li><li class=\"fusion-li-item\" style=\"\"><span class=\"icon-wrapper circle-no\"><i class=\"fusion-li-icon fa-arrow-right fas\" aria-hidden=\"true\"><\/i><\/span><div class=\"fusion-li-item-content\">\n<h5 style=\"text-align: left;\">Konanie v s\u00falade s princ\u00edpom trvalej udr\u017eate\u013enosti<\/h5>\n<\/div><\/li><li class=\"fusion-li-item\" style=\"\"><span class=\"icon-wrapper circle-no\"><i class=\"fusion-li-icon fa-arrow-right fas\" aria-hidden=\"true\"><\/i><\/span><div class=\"fusion-li-item-content\">\n<h5 style=\"text-align: left;\">Protikorup\u010dn\u00e9 opatrenia<\/h5>\n<\/div><\/li><\/ul><\/div><\/div><\/div><\/div>\n","protected":false},"excerpt":{"rendered":"","protected":false},"author":1,"featured_media":0,"parent":0,"menu_order":0,"comment_status":"closed","ping_status":"closed","template":"","meta":{"ngg_post_thumbnail":0,"footnotes":""},"class_list":["post-2850","page","type-page","status-publish","hentry"],"yoast_head":"<!-- This site is optimized with the Yoast SEO Premium plugin v27.5 (Yoast SEO v27.6) - https:\/\/yoast.com\/product\/yoast-seo-premium-wordpress\/ -->\n<title>Daniel Debre | Autorizovan\u00fd architekt | Bratislava | Poprad | Ke\u017emarok<\/title>\n<meta name=\"description\" content=\"Autorizovan\u00fd architekt zap\u00edsan\u00fd v Slovenskej komore architektov pod registra\u010dn\u00fdm \u010d\u00edslom 2626 AA. Miesto p\u00f4sobenia - Bratislava a Ke\u017emarok.\" \/>\n<meta name=\"robots\" content=\"noindex, nofollow\" \/>\n<meta property=\"og:locale\" content=\"sk_SK\" \/>\n<meta property=\"og:type\" content=\"article\" \/>\n<meta property=\"og:title\" content=\"Etick\u00fd k\u00f3dex\" \/>\n<meta property=\"og:description\" content=\"Autorizovan\u00fd architekt zap\u00edsan\u00fd v Slovenskej komore architektov pod registra\u010dn\u00fdm \u010d\u00edslom 2626 AA. Miesto p\u00f4sobenia - Bratislava a Ke\u017emarok.\" \/>\n<meta property=\"og:url\" content=\"https:\/\/danieldebre.sk\/?page_id=2850\" \/>\n<meta property=\"og:site_name\" content=\"Daniel Debre | Autorizovan\u00fd architekt | Bratislava | Poprad | Ke\u017emarok\" \/>\n<meta property=\"article:modified_time\" content=\"2022-04-09T21:02:12+00:00\" \/>\n<meta name=\"twitter:card\" content=\"summary_large_image\" \/>\n<meta name=\"twitter:label1\" content=\"Predpokladan\u00fd \u010das \u010d\u00edtania\" \/>\n\t<meta name=\"twitter:data1\" content=\"9 min\u00fat\" \/>\n<script type=\"application\/ld+json\" class=\"yoast-schema-graph\">{\"@context\":\"https:\\\/\\\/schema.org\",\"@graph\":[{\"@type\":\"WebPage\",\"@id\":\"https:\\\/\\\/danieldebre.sk\\\/?page_id=2850\",\"url\":\"https:\\\/\\\/danieldebre.sk\\\/?page_id=2850\",\"name\":\"Daniel Debre | Autorizovan\u00fd architekt | Bratislava | Poprad | Ke\u017emarok\",\"isPartOf\":{\"@id\":\"https:\\\/\\\/danieldebre.sk\\\/#website\"},\"datePublished\":\"2021-10-03T12:27:53+00:00\",\"dateModified\":\"2022-04-09T21:02:12+00:00\",\"description\":\"Autorizovan\u00fd architekt zap\u00edsan\u00fd v Slovenskej komore architektov pod registra\u010dn\u00fdm \u010d\u00edslom 2626 AA. Miesto p\u00f4sobenia - Bratislava a Ke\u017emarok.\",\"breadcrumb\":{\"@id\":\"https:\\\/\\\/danieldebre.sk\\\/?page_id=2850#breadcrumb\"},\"inLanguage\":\"sk-SK\",\"potentialAction\":[{\"@type\":\"ReadAction\",\"target\":[\"https:\\\/\\\/danieldebre.sk\\\/?page_id=2850\"]}]},{\"@type\":\"BreadcrumbList\",\"@id\":\"https:\\\/\\\/danieldebre.sk\\\/?page_id=2850#breadcrumb\",\"itemListElement\":[{\"@type\":\"ListItem\",\"position\":1,\"name\":\"Domovsk\u00e1 str\u00e1nka\",\"item\":\"https:\\\/\\\/danieldebre.sk\\\/\"},{\"@type\":\"ListItem\",\"position\":2,\"name\":\"Etick\u00fd k\u00f3dex\"}]},{\"@type\":\"WebSite\",\"@id\":\"https:\\\/\\\/danieldebre.sk\\\/#website\",\"url\":\"https:\\\/\\\/danieldebre.sk\\\/\",\"name\":\"Daniel Debre | Autorizovan\u00fd architekt | Bratislava | Poprad | Ke\u017emarok\",\"description\":\"Autorizovan\u00fd architekt | Bratislava | Poprad | Ke\u017emarok\",\"publisher\":{\"@id\":\"https:\\\/\\\/danieldebre.sk\\\/#\\\/schema\\\/person\\\/16de87c858ebc35299ef08825f315e40\"},\"alternateName\":\"Daniel Debre | Authorized Architect | Slovakia\",\"potentialAction\":[{\"@type\":\"SearchAction\",\"target\":{\"@type\":\"EntryPoint\",\"urlTemplate\":\"https:\\\/\\\/danieldebre.sk\\\/?s={search_term_string}\"},\"query-input\":{\"@type\":\"PropertyValueSpecification\",\"valueRequired\":true,\"valueName\":\"search_term_string\"}}],\"inLanguage\":\"sk-SK\"},{\"@type\":[\"Person\",\"Organization\"],\"@id\":\"https:\\\/\\\/danieldebre.sk\\\/#\\\/schema\\\/person\\\/16de87c858ebc35299ef08825f315e40\",\"name\":\"daniel.debre\",\"logo\":{\"@id\":\"https:\\\/\\\/danieldebre.sk\\\/#\\\/schema\\\/person\\\/image\\\/\"},\"sameAs\":[\"https:\\\/\\\/danieldebre.sk\"],\"honorificPrefix\":\"Ing.\",\"birthDate\":\"1985-09-12\",\"gender\":\"male\",\"knowsLanguage\":[\"Slovak\"],\"jobTitle\":\"authorized architect\"}]}<\/script>\n<!-- \/ Yoast SEO Premium plugin. -->","yoast_head_json":{"title":"Daniel Debre | Autorizovan\u00fd architekt | Bratislava | Poprad | Ke\u017emarok","description":"Autorizovan\u00fd architekt zap\u00edsan\u00fd v Slovenskej komore architektov pod registra\u010dn\u00fdm \u010d\u00edslom 2626 AA. Miesto p\u00f4sobenia - Bratislava a Ke\u017emarok.","robots":{"index":"noindex","follow":"nofollow"},"og_locale":"sk_SK","og_type":"article","og_title":"Etick\u00fd k\u00f3dex","og_description":"Autorizovan\u00fd architekt zap\u00edsan\u00fd v Slovenskej komore architektov pod registra\u010dn\u00fdm \u010d\u00edslom 2626 AA. Miesto p\u00f4sobenia - Bratislava a Ke\u017emarok.","og_url":"https:\/\/danieldebre.sk\/?page_id=2850","og_site_name":"Daniel Debre | Autorizovan\u00fd architekt | Bratislava | Poprad | Ke\u017emarok","article_modified_time":"2022-04-09T21:02:12+00:00","twitter_card":"summary_large_image","twitter_misc":{"Predpokladan\u00fd \u010das \u010d\u00edtania":"9 min\u00fat"},"schema":{"@context":"https:\/\/schema.org","@graph":[{"@type":"WebPage","@id":"https:\/\/danieldebre.sk\/?page_id=2850","url":"https:\/\/danieldebre.sk\/?page_id=2850","name":"Daniel Debre | Autorizovan\u00fd architekt | Bratislava | Poprad | Ke\u017emarok","isPartOf":{"@id":"https:\/\/danieldebre.sk\/#website"},"datePublished":"2021-10-03T12:27:53+00:00","dateModified":"2022-04-09T21:02:12+00:00","description":"Autorizovan\u00fd architekt zap\u00edsan\u00fd v Slovenskej komore architektov pod registra\u010dn\u00fdm \u010d\u00edslom 2626 AA. Miesto p\u00f4sobenia - Bratislava a Ke\u017emarok.","breadcrumb":{"@id":"https:\/\/danieldebre.sk\/?page_id=2850#breadcrumb"},"inLanguage":"sk-SK","potentialAction":[{"@type":"ReadAction","target":["https:\/\/danieldebre.sk\/?page_id=2850"]}]},{"@type":"BreadcrumbList","@id":"https:\/\/danieldebre.sk\/?page_id=2850#breadcrumb","itemListElement":[{"@type":"ListItem","position":1,"name":"Domovsk\u00e1 str\u00e1nka","item":"https:\/\/danieldebre.sk\/"},{"@type":"ListItem","position":2,"name":"Etick\u00fd k\u00f3dex"}]},{"@type":"WebSite","@id":"https:\/\/danieldebre.sk\/#website","url":"https:\/\/danieldebre.sk\/","name":"Daniel Debre | Autorizovan\u00fd architekt | Bratislava | Poprad | Ke\u017emarok","description":"Autorizovan\u00fd architekt | Bratislava | Poprad | Ke\u017emarok","publisher":{"@id":"https:\/\/danieldebre.sk\/#\/schema\/person\/16de87c858ebc35299ef08825f315e40"},"alternateName":"Daniel Debre | Authorized Architect | Slovakia","potentialAction":[{"@type":"SearchAction","target":{"@type":"EntryPoint","urlTemplate":"https:\/\/danieldebre.sk\/?s={search_term_string}"},"query-input":{"@type":"PropertyValueSpecification","valueRequired":true,"valueName":"search_term_string"}}],"inLanguage":"sk-SK"},{"@type":["Person","Organization"],"@id":"https:\/\/danieldebre.sk\/#\/schema\/person\/16de87c858ebc35299ef08825f315e40","name":"daniel.debre","logo":{"@id":"https:\/\/danieldebre.sk\/#\/schema\/person\/image\/"},"sameAs":["https:\/\/danieldebre.sk"],"honorificPrefix":"Ing.","birthDate":"1985-09-12","gender":"male","knowsLanguage":["Slovak"],"jobTitle":"authorized architect"}]}},"_links":{"self":[{"href":"https:\/\/danieldebre.sk\/index.php?rest_route=\/wp\/v2\/pages\/2850","targetHints":{"allow":["GET"]}}],"collection":[{"href":"https:\/\/danieldebre.sk\/index.php?rest_route=\/wp\/v2\/pages"}],"about":[{"href":"https:\/\/danieldebre.sk\/index.php?rest_route=\/wp\/v2\/types\/page"}],"author":[{"embeddable":true,"href":"https:\/\/danieldebre.sk\/index.php?rest_route=\/wp\/v2\/users\/1"}],"replies":[{"embeddable":true,"href":"https:\/\/danieldebre.sk\/index.php?rest_route=%2Fwp%2Fv2%2Fcomments&post=2850"}],"version-history":[{"count":0,"href":"https:\/\/danieldebre.sk\/index.php?rest_route=\/wp\/v2\/pages\/2850\/revisions"}],"wp:attachment":[{"href":"https:\/\/danieldebre.sk\/index.php?rest_route=%2Fwp%2Fv2%2Fmedia&parent=2850"}],"curies":[{"name":"wp","href":"https:\/\/api.w.org\/{rel}","templated":true}]}}