{"id":2661,"date":"2021-09-28T17:41:48","date_gmt":"2021-09-28T15:41:48","guid":{"rendered":"https:\/\/danieldebre.sk\/?page_id=2661"},"modified":"2022-04-09T23:05:04","modified_gmt":"2022-04-09T21:05:04","slug":"zasady-ochrany-osobnych-udajov","status":"publish","type":"page","link":"https:\/\/danieldebre.sk\/?page_id=2661","title":{"rendered":"Z\u00e1sady ochrany osobn\u00fdch \u00fadajov"},"content":{"rendered":"<div class=\"fusion-fullwidth fullwidth-box fusion-builder-row-1 fusion-flex-container nonhundred-percent-fullwidth non-hundred-percent-height-scrolling\" style=\"--awb-border-sizes-top:0px;--awb-border-sizes-bottom:0px;--awb-border-sizes-left:0px;--awb-border-sizes-right:0px;--awb-border-radius-top-left:0px;--awb-border-radius-top-right:0px;--awb-border-radius-bottom-right:0px;--awb-border-radius-bottom-left:0px;--awb-padding-top:30px;--awb-padding-right:3%;--awb-padding-bottom:0px;--awb-padding-left:3%;--awb-padding-top-medium:20px;--awb-padding-right-medium:3%;--awb-padding-bottom-medium:0px;--awb-padding-left-medium:3%;--awb-padding-top-small:20px;--awb-padding-right-small:3%;--awb-padding-bottom-small:0px;--awb-padding-left-small:3%;--awb-margin-top:0px;--awb-margin-bottom:0px;--awb-margin-top-medium:0px;--awb-margin-bottom-medium:0px;--awb-margin-top-small:0px;--awb-margin-bottom-small:0px;--awb-flex-wrap:wrap;\" ><div class=\"fusion-builder-row fusion-row fusion-flex-align-items-flex-start fusion-flex-content-wrap\" style=\"max-width:1331.2px;margin-left: calc(-4% \/ 2 );margin-right: calc(-4% \/ 2 );\"><div class=\"fusion-layout-column fusion_builder_column fusion-builder-column-0 fusion_builder_column_1_1 1_1 fusion-flex-column\" style=\"--awb-bg-size:cover;--awb-width-large:100%;--awb-margin-top-large:0px;--awb-spacing-right-large:0px;--awb-margin-bottom-large:0px;--awb-spacing-left-large:0px;--awb-width-medium:100%;--awb-order-medium:0;--awb-spacing-right-medium:1.92%;--awb-spacing-left-medium:1.92%;--awb-width-small:100%;--awb-order-small:0;--awb-spacing-right-small:1.92%;--awb-spacing-left-small:1.92%;\"><div class=\"fusion-column-wrapper fusion-column-has-shadow fusion-flex-justify-content-flex-start fusion-content-layout-column\"><div class=\"fusion-text fusion-text-1 fusion-text-no-margin\" style=\"--awb-text-transform:none;--awb-margin-top:0px;--awb-margin-right:0px;--awb-margin-bottom:0px;--awb-margin-left:0px;\"><h3>Z\u00e1sady ochrany osobn\u00fdch \u00fadajov<\/h3>\n<\/div><div class=\"fusion-separator fusion-full-width-sep\" style=\"align-self: center;margin-left: auto;margin-right: auto;margin-top:5px;margin-bottom:20px;width:100%;max-width:100%;\"><div class=\"fusion-separator-border sep-single sep-solid\" style=\"--awb-height:20px;--awb-amount:20px;border-color:#e7e4e2;border-top-width:1px;\"><\/div><\/div><\/div><\/div><\/div><\/div>\n","protected":false},"excerpt":{"rendered":"","protected":false},"author":1,"featured_media":0,"parent":0,"menu_order":0,"comment_status":"closed","ping_status":"closed","template":"","meta":{"ngg_post_thumbnail":0,"footnotes":""},"class_list":["post-2661","page","type-page","status-publish","hentry"],"yoast_head":"<!-- This site is optimized with the Yoast SEO Premium plugin v27.5 (Yoast SEO v27.5) - https:\/\/yoast.com\/product\/yoast-seo-premium-wordpress\/ -->\n<title>Daniel Debre | Autorizovan\u00fd architekt | Bratislava | Poprad | Ke\u017emarok<\/title>\n<meta name=\"description\" content=\"Autorizovan\u00fd architekt zap\u00edsan\u00fd v Slovenskej komore architektov pod registra\u010dn\u00fdm \u010d\u00edslom 2626 AA. Miesto p\u00f4sobenia - Bratislava a Ke\u017emarok.\" \/>\n<meta name=\"robots\" content=\"noindex, nofollow\" \/>\n<meta property=\"og:locale\" content=\"sk_SK\" \/>\n<meta property=\"og:type\" content=\"article\" \/>\n<meta property=\"og:title\" content=\"Z\u00e1sady ochrany osobn\u00fdch \u00fadajov\" \/>\n<meta property=\"og:description\" content=\"Autorizovan\u00fd architekt zap\u00edsan\u00fd v Slovenskej komore architektov pod registra\u010dn\u00fdm \u010d\u00edslom 2626 AA. Miesto p\u00f4sobenia - Bratislava a Ke\u017emarok.\" \/>\n<meta property=\"og:url\" content=\"https:\/\/danieldebre.sk\/?page_id=2661\" \/>\n<meta property=\"og:site_name\" content=\"Daniel Debre | Autorizovan\u00fd architekt | Bratislava | Poprad | Ke\u017emarok\" \/>\n<meta property=\"article:modified_time\" content=\"2022-04-09T21:05:04+00:00\" \/>\n<meta name=\"twitter:card\" content=\"summary_large_image\" \/>\n<meta name=\"twitter:label1\" content=\"Predpokladan\u00fd \u010das \u010d\u00edtania\" \/>\n\t<meta name=\"twitter:data1\" content=\"4 min\u00faty\" \/>\n<script type=\"application\/ld+json\" class=\"yoast-schema-graph\">{\"@context\":\"https:\\\/\\\/schema.org\",\"@graph\":[{\"@type\":\"WebPage\",\"@id\":\"https:\\\/\\\/danieldebre.sk\\\/?page_id=2661\",\"url\":\"https:\\\/\\\/danieldebre.sk\\\/?page_id=2661\",\"name\":\"Daniel Debre | Autorizovan\u00fd architekt | Bratislava | Poprad | Ke\u017emarok\",\"isPartOf\":{\"@id\":\"https:\\\/\\\/danieldebre.sk\\\/#website\"},\"datePublished\":\"2021-09-28T15:41:48+00:00\",\"dateModified\":\"2022-04-09T21:05:04+00:00\",\"description\":\"Autorizovan\u00fd architekt zap\u00edsan\u00fd v Slovenskej komore architektov pod registra\u010dn\u00fdm \u010d\u00edslom 2626 AA. Miesto p\u00f4sobenia - Bratislava a Ke\u017emarok.\",\"breadcrumb\":{\"@id\":\"https:\\\/\\\/danieldebre.sk\\\/?page_id=2661#breadcrumb\"},\"inLanguage\":\"sk-SK\",\"potentialAction\":[{\"@type\":\"ReadAction\",\"target\":[\"https:\\\/\\\/danieldebre.sk\\\/?page_id=2661\"]}]},{\"@type\":\"BreadcrumbList\",\"@id\":\"https:\\\/\\\/danieldebre.sk\\\/?page_id=2661#breadcrumb\",\"itemListElement\":[{\"@type\":\"ListItem\",\"position\":1,\"name\":\"Domovsk\u00e1 str\u00e1nka\",\"item\":\"https:\\\/\\\/danieldebre.sk\\\/\"},{\"@type\":\"ListItem\",\"position\":2,\"name\":\"Z\u00e1sady ochrany osobn\u00fdch \u00fadajov\"}]},{\"@type\":\"WebSite\",\"@id\":\"https:\\\/\\\/danieldebre.sk\\\/#website\",\"url\":\"https:\\\/\\\/danieldebre.sk\\\/\",\"name\":\"Daniel Debre | Autorizovan\u00fd architekt | Bratislava | Poprad | Ke\u017emarok\",\"description\":\"Autorizovan\u00fd architekt | Bratislava | Poprad | Ke\u017emarok\",\"publisher\":{\"@id\":\"https:\\\/\\\/danieldebre.sk\\\/#\\\/schema\\\/person\\\/16de87c858ebc35299ef08825f315e40\"},\"alternateName\":\"Daniel Debre | Authorized Architect | Slovakia\",\"potentialAction\":[{\"@type\":\"SearchAction\",\"target\":{\"@type\":\"EntryPoint\",\"urlTemplate\":\"https:\\\/\\\/danieldebre.sk\\\/?s={search_term_string}\"},\"query-input\":{\"@type\":\"PropertyValueSpecification\",\"valueRequired\":true,\"valueName\":\"search_term_string\"}}],\"inLanguage\":\"sk-SK\"},{\"@type\":[\"Person\",\"Organization\"],\"@id\":\"https:\\\/\\\/danieldebre.sk\\\/#\\\/schema\\\/person\\\/16de87c858ebc35299ef08825f315e40\",\"name\":\"daniel.debre\",\"logo\":{\"@id\":\"https:\\\/\\\/danieldebre.sk\\\/#\\\/schema\\\/person\\\/image\\\/\"},\"sameAs\":[\"https:\\\/\\\/danieldebre.sk\"],\"honorificPrefix\":\"Ing.\",\"birthDate\":\"1985-09-12\",\"gender\":\"male\",\"knowsLanguage\":[\"Slovak\"],\"jobTitle\":\"authorized architect\"}]}<\/script>\n<!-- \/ Yoast SEO Premium plugin. -->","yoast_head_json":{"title":"Daniel Debre | Autorizovan\u00fd architekt | Bratislava | Poprad | Ke\u017emarok","description":"Autorizovan\u00fd architekt zap\u00edsan\u00fd v Slovenskej komore architektov pod registra\u010dn\u00fdm \u010d\u00edslom 2626 AA. Miesto p\u00f4sobenia - Bratislava a Ke\u017emarok.","robots":{"index":"noindex","follow":"nofollow"},"og_locale":"sk_SK","og_type":"article","og_title":"Z\u00e1sady ochrany osobn\u00fdch \u00fadajov","og_description":"Autorizovan\u00fd architekt zap\u00edsan\u00fd v Slovenskej komore architektov pod registra\u010dn\u00fdm \u010d\u00edslom 2626 AA. Miesto p\u00f4sobenia - Bratislava a Ke\u017emarok.","og_url":"https:\/\/danieldebre.sk\/?page_id=2661","og_site_name":"Daniel Debre | Autorizovan\u00fd architekt | Bratislava | Poprad | Ke\u017emarok","article_modified_time":"2022-04-09T21:05:04+00:00","twitter_card":"summary_large_image","twitter_misc":{"Predpokladan\u00fd \u010das \u010d\u00edtania":"4 min\u00faty"},"schema":{"@context":"https:\/\/schema.org","@graph":[{"@type":"WebPage","@id":"https:\/\/danieldebre.sk\/?page_id=2661","url":"https:\/\/danieldebre.sk\/?page_id=2661","name":"Daniel Debre | Autorizovan\u00fd architekt | Bratislava | Poprad | Ke\u017emarok","isPartOf":{"@id":"https:\/\/danieldebre.sk\/#website"},"datePublished":"2021-09-28T15:41:48+00:00","dateModified":"2022-04-09T21:05:04+00:00","description":"Autorizovan\u00fd architekt zap\u00edsan\u00fd v Slovenskej komore architektov pod registra\u010dn\u00fdm \u010d\u00edslom 2626 AA. Miesto p\u00f4sobenia - Bratislava a Ke\u017emarok.","breadcrumb":{"@id":"https:\/\/danieldebre.sk\/?page_id=2661#breadcrumb"},"inLanguage":"sk-SK","potentialAction":[{"@type":"ReadAction","target":["https:\/\/danieldebre.sk\/?page_id=2661"]}]},{"@type":"BreadcrumbList","@id":"https:\/\/danieldebre.sk\/?page_id=2661#breadcrumb","itemListElement":[{"@type":"ListItem","position":1,"name":"Domovsk\u00e1 str\u00e1nka","item":"https:\/\/danieldebre.sk\/"},{"@type":"ListItem","position":2,"name":"Z\u00e1sady ochrany osobn\u00fdch \u00fadajov"}]},{"@type":"WebSite","@id":"https:\/\/danieldebre.sk\/#website","url":"https:\/\/danieldebre.sk\/","name":"Daniel Debre | Autorizovan\u00fd architekt | Bratislava | Poprad | Ke\u017emarok","description":"Autorizovan\u00fd architekt | Bratislava | Poprad | Ke\u017emarok","publisher":{"@id":"https:\/\/danieldebre.sk\/#\/schema\/person\/16de87c858ebc35299ef08825f315e40"},"alternateName":"Daniel Debre | Authorized Architect | Slovakia","potentialAction":[{"@type":"SearchAction","target":{"@type":"EntryPoint","urlTemplate":"https:\/\/danieldebre.sk\/?s={search_term_string}"},"query-input":{"@type":"PropertyValueSpecification","valueRequired":true,"valueName":"search_term_string"}}],"inLanguage":"sk-SK"},{"@type":["Person","Organization"],"@id":"https:\/\/danieldebre.sk\/#\/schema\/person\/16de87c858ebc35299ef08825f315e40","name":"daniel.debre","logo":{"@id":"https:\/\/danieldebre.sk\/#\/schema\/person\/image\/"},"sameAs":["https:\/\/danieldebre.sk"],"honorificPrefix":"Ing.","birthDate":"1985-09-12","gender":"male","knowsLanguage":["Slovak"],"jobTitle":"authorized architect"}]}},"_links":{"self":[{"href":"https:\/\/danieldebre.sk\/index.php?rest_route=\/wp\/v2\/pages\/2661","targetHints":{"allow":["GET"]}}],"collection":[{"href":"https:\/\/danieldebre.sk\/index.php?rest_route=\/wp\/v2\/pages"}],"about":[{"href":"https:\/\/danieldebre.sk\/index.php?rest_route=\/wp\/v2\/types\/page"}],"author":[{"embeddable":true,"href":"https:\/\/danieldebre.sk\/index.php?rest_route=\/wp\/v2\/users\/1"}],"replies":[{"embeddable":true,"href":"https:\/\/danieldebre.sk\/index.php?rest_route=%2Fwp%2Fv2%2Fcomments&post=2661"}],"version-history":[{"count":0,"href":"https:\/\/danieldebre.sk\/index.php?rest_route=\/wp\/v2\/pages\/2661\/revisions"}],"wp:attachment":[{"href":"https:\/\/danieldebre.sk\/index.php?rest_route=%2Fwp%2Fv2%2Fmedia&parent=2661"}],"curies":[{"name":"wp","href":"https:\/\/api.w.org\/{rel}","templated":true}]}}